{"id":26,"date":"2023-09-24T12:36:34","date_gmt":"2023-09-24T10:36:34","guid":{"rendered":"https:\/\/danielconversano.fr\/?page_id=26"},"modified":"2024-12-23T15:48:37","modified_gmt":"2024-12-23T14:48:37","slug":"accueil","status":"publish","type":"page","link":"https:\/\/danielconversano.fr\/","title":{"rendered":"Accueil"},"content":{"rendered":"\t\t<div data-elementor-type=\"wp-page\" data-elementor-id=\"26\" class=\"elementor elementor-26\" data-elementor-post-type=\"page\">\n\t\t\t\t<div class=\"elementor-element elementor-element-7e95bff5 e-con-full e-flex e-con e-parent\" data-id=\"7e95bff5\" data-element_type=\"container\" data-settings=\"{&quot;background_background&quot;:&quot;classic&quot;}\">\n\t\t<div class=\"elementor-element elementor-element-584a3ee0 e-con-full e-flex e-con e-child\" data-id=\"584a3ee0\" data-element_type=\"container\">\n\t\t\t\t<div class=\"elementor-element elementor-element-5a191fe4 elementor-widget elementor-widget-heading\" data-id=\"5a191fe4\" data-element_type=\"widget\" data-widget_type=\"heading.default\">\n\t\t\t\t<div class=\"elementor-widget-container\">\n\t\t\t\t\t<h3 class=\"elementor-heading-title elementor-size-default\">Devenez un M\u00e9c\u00e8ne de \nl'\u00e9mission CARTE BLANCHE<\/h3>\t\t\t\t<\/div>\n\t\t\t\t<\/div>\n\t\t\t\t<div class=\"elementor-element elementor-element-7eb43af8 elementor-widget elementor-widget-text-editor\" data-id=\"7eb43af8\" data-element_type=\"widget\" data-widget_type=\"text-editor.default\">\n\t\t\t\t<div class=\"elementor-widget-container\">\n\t\t\t\t\t\t\t\t\t<p>Gr\u00e2ce au soutien de nombre d&rsquo;entre vous, lors de la s\u00e9rie de lives \u00ab\u00a0Espoir\u00a0\u00bb r\u00e9alis\u00e9e l&rsquo;an dernier, l&rsquo;\u00e9mission Carte Blanche est apparue sur ma cha\u00eene en 2024.<br \/>Chaque \u00e9mission Carte Blanche aura un co\u00fbt, qui est pr\u00e9cis\u00e9ment celui de la qualit\u00e9, et des professionnels dont je m&rsquo;entoure pour r\u00e9aliser un programme de haute valeur. Vous pouvez contribuer aux \u00e9missions futures, et je vous remercierai en inscrivant votre nom ou pseudonyme au g\u00e9n\u00e9rique.<\/p>\t\t\t\t\t\t\t\t<\/div>\n\t\t\t\t<\/div>\n\t\t\t\t<div class=\"elementor-element elementor-element-739d2232 elementor-align-left elementor-mobile-align-center elementor-tablet-align-center elementor-widget elementor-widget-button\" data-id=\"739d2232\" data-element_type=\"widget\" data-widget_type=\"button.default\">\n\t\t\t\t<div class=\"elementor-widget-container\">\n\t\t\t\t\t\t\t\t\t<div class=\"elementor-button-wrapper\">\n\t\t\t\t\t<a class=\"elementor-button elementor-button-link elementor-size-sm elementor-animation-grow\" href=\"#sec1\">\n\t\t\t\t\t\t<span class=\"elementor-button-content-wrapper\">\n\t\t\t\t\t\t\t\t\t<span class=\"elementor-button-text\">PARTICIPER<\/span>\n\t\t\t\t\t<\/span>\n\t\t\t\t\t<\/a>\n\t\t\t\t<\/div>\n\t\t\t\t\t\t\t\t<\/div>\n\t\t\t\t<\/div>\n\t\t\t\t<\/div>\n\t\t\t\t<div class=\"elementor-element elementor-element-3f8bfc91 elementor-widget__width-initial elementor-widget-tablet__width-inherit elementor-widget elementor-widget-image\" data-id=\"3f8bfc91\" data-element_type=\"widget\" data-widget_type=\"image.default\">\n\t\t\t\t<div class=\"elementor-widget-container\">\n\t\t\t\t\t\t\t\t\t\t\t\t\t\t\t<img fetchpriority=\"high\" decoding=\"async\" width=\"800\" height=\"532\" src=\"https:\/\/danielconversano.fr\/wp-content\/uploads\/2023\/09\/dedicace-daniel-12-1024x681.jpg\" class=\"attachment-large size-large wp-image-22\" alt=\"\" srcset=\"https:\/\/danielconversano.fr\/wp-content\/uploads\/2023\/09\/dedicace-daniel-12-1024x681.jpg 1024w, https:\/\/danielconversano.fr\/wp-content\/uploads\/2023\/09\/dedicace-daniel-12-scaled-600x399.jpg 600w, https:\/\/danielconversano.fr\/wp-content\/uploads\/2023\/09\/dedicace-daniel-12-300x200.jpg 300w, https:\/\/danielconversano.fr\/wp-content\/uploads\/2023\/09\/dedicace-daniel-12-768x511.jpg 768w, https:\/\/danielconversano.fr\/wp-content\/uploads\/2023\/09\/dedicace-daniel-12-1536x1022.jpg 1536w, https:\/\/danielconversano.fr\/wp-content\/uploads\/2023\/09\/dedicace-daniel-12-2048x1363.jpg 2048w\" sizes=\"(max-width: 800px) 100vw, 800px\" \/>\t\t\t\t\t\t\t\t\t\t\t\t\t\t\t<\/div>\n\t\t\t\t<\/div>\n\t\t\t\t<\/div>\n\t\t<div class=\"elementor-element elementor-element-2dddb65 e-flex e-con-boxed e-con e-parent\" data-id=\"2dddb65\" data-element_type=\"container\" data-settings=\"{&quot;background_background&quot;:&quot;classic&quot;}\">\n\t\t\t\t\t<div class=\"e-con-inner\">\n\t\t\t\t<div class=\"elementor-element elementor-element-f4f4051 elementor-widget elementor-widget-wc-elements\" data-id=\"f4f4051\" data-element_type=\"widget\" id=\"sec1\" data-widget_type=\"wc-elements.default\">\n\t\t\t\t<div class=\"elementor-widget-container\">\n\t\t\t\t\t<div class=\"woocommerce\">\t\t\t<div class=\"single-product\" data-product-page-preselected-id=\"0\">\n\t\t\t\t<div class=\"woocommerce-notices-wrapper\"><\/div><div id=\"product-54\" class=\"product type-product post-54 status-publish first instock product_cat-uncategorised has-post-thumbnail virtual purchasable product-type-simple nyp-product\">\n\n\t<div class=\"woocommerce-product-gallery woocommerce-product-gallery--with-images woocommerce-product-gallery--columns-4 images\" data-columns=\"4\" style=\"opacity: 0; transition: opacity .25s ease-in-out;\">\n\t<div class=\"woocommerce-product-gallery__wrapper\">\n\t\t<div data-thumb=\"https:\/\/danielconversano.fr\/wp-content\/uploads\/2023\/09\/daniel-37-scaled-100x100.jpg\" data-thumb-alt=\"Devenir un M\u00e9c\u00e8ne\" data-thumb-srcset=\"https:\/\/danielconversano.fr\/wp-content\/uploads\/2023\/09\/daniel-37-scaled-100x100.jpg 100w, https:\/\/danielconversano.fr\/wp-content\/uploads\/2023\/09\/daniel-37-scaled-300x300.jpg 300w, https:\/\/danielconversano.fr\/wp-content\/uploads\/2023\/09\/daniel-37-150x150.jpg 150w\"  data-thumb-sizes=\"(max-width: 100px) 100vw, 100px\" class=\"woocommerce-product-gallery__image\"><a href=\"https:\/\/danielconversano.fr\/wp-content\/uploads\/2023\/09\/daniel-37-scaled.jpg\"><img decoding=\"async\" width=\"600\" height=\"399\" src=\"https:\/\/danielconversano.fr\/wp-content\/uploads\/2023\/09\/daniel-37-scaled-600x399.jpg\" class=\"wp-post-image\" alt=\"Devenir un M\u00e9c\u00e8ne\" data-caption=\"\" data-src=\"https:\/\/danielconversano.fr\/wp-content\/uploads\/2023\/09\/daniel-37-scaled.jpg\" data-large_image=\"https:\/\/danielconversano.fr\/wp-content\/uploads\/2023\/09\/daniel-37-scaled.jpg\" data-large_image_width=\"2560\" data-large_image_height=\"1703\" srcset=\"https:\/\/danielconversano.fr\/wp-content\/uploads\/2023\/09\/daniel-37-scaled-600x399.jpg 600w, https:\/\/danielconversano.fr\/wp-content\/uploads\/2023\/09\/daniel-37-300x200.jpg 300w, https:\/\/danielconversano.fr\/wp-content\/uploads\/2023\/09\/daniel-37-1024x681.jpg 1024w, https:\/\/danielconversano.fr\/wp-content\/uploads\/2023\/09\/daniel-37-768x511.jpg 768w, https:\/\/danielconversano.fr\/wp-content\/uploads\/2023\/09\/daniel-37-1536x1022.jpg 1536w, https:\/\/danielconversano.fr\/wp-content\/uploads\/2023\/09\/daniel-37-2048x1363.jpg 2048w\" sizes=\"(max-width: 600px) 100vw, 600px\" \/><\/a><\/div>\t<\/div>\n<\/div>\n\n\t<div class=\"summary entry-summary\">\n\t\t<h1 class=\"product_title entry-title\">Devenir un M\u00e9c\u00e8ne<\/h1><div class=\"woocommerce-product-details__short-description\">\n\t<p>J&rsquo;aide Carte Blanche \u00e0 prosp\u00e9rer<\/p>\n<\/div>\n\n\t\n\t<form class=\"cart\" action=\"\" method=\"post\" enctype='multipart\/form-data'>\n\t\t<div class=\"nyp\" data-hide-minimum=\"1\" data-min-price=\"1\" data-max-price=\"\" data-initial-price=\"\" data-minimum-error=\"Please enter at least %%MINIMUM%%.\" data-hide-minimum-error=\"Please enter a higher amount.\" data-maximum-error=\"Please enter less than or equal to %%MAXIMUM%%.\" data-empty-error=\"Please enter an amount.\"  > \n\t\n\t\t\n\t\t<label for=\"nyp-1\">Choissisez le montant <span class=\"woocommerce-Price-currencySymbol\">( &euro; )<\/span><\/label>\n\n\t\t\n\t\t<input\n\t\t\ttype=\"text\"\n\t\t\tid=\"nyp-1\"\n\t\t\tclass=\"input-text amount nyp-input text\"\n\t\t\tname=\"nyp\"\n\t\t\tvalue=\"\"\n\t\t\ttitle=\"Choissisez le montant ( &euro; )\"\n\t\t\tplaceholder=\"\"\n\n\t\t\tinputmode=\"decimal\" \t\t\/>\n\n\t\t<input type=\"hidden\" name=\"update-price\" value=\"\" \/>\n\t\t<input type=\"hidden\" name=\"_nypnonce\" value=\"\" \/>\t\n\n\t<div id=\"nyp-error-1\" class=\"woocommerce-nyp-message\" aria-live=\"assertive\" style=\"display: none\"><\/div>\n<\/div>\n\n\t\t\n\n\t\t<div class=\"quantity\">\n\t\t<label class=\"screen-reader-text\" for=\"quantity_69fb2027498a1\">quantit\u00e9 de Devenir un M\u00e9c\u00e8ne<\/label>\n\t<input\n\t\ttype=\"number\"\n\t\t\t\tid=\"quantity_69fb2027498a1\"\n\t\tclass=\"input-text qty text\"\n\t\tname=\"quantity\"\n\t\tvalue=\"1\"\n\t\taria-label=\"Quantit\u00e9 de produits\"\n\t\t\t\tmin=\"1\"\n\t\tmax=\"\"\n\t\t\t\t\tstep=\"1\"\n\t\t\tplaceholder=\"\"\n\t\t\tinputmode=\"numeric\"\n\t\t\tautocomplete=\"off\"\n\t\t\t\/>\n\t<\/div>\n\n\t\t<button type=\"submit\" name=\"add-to-cart\" value=\"54\" class=\"single_add_to_cart_button button alt\">Participer<\/button>\n\n\t\t\t<\/form>\n\n\t\n<div class=\"product_meta\">\n\n\t\n\t\n\t<span class=\"posted_in\">Cat\u00e9gorie\u00a0: <a href=\"https:\/\/danielconversano.fr\/?product_cat=uncategorised\" rel=\"tag\">Uncategorised<\/a><\/span>\n\t\n\t\n<\/div>\n\t<\/div>\n\n\t<\/div>\n\n\t\t\t<\/div>\n\t\t\t<\/div>\t\t\t\t<\/div>\n\t\t\t\t<\/div>\n\t\t\t\t\t<\/div>\n\t\t\t\t<\/div>\n\t\t<div class=\"elementor-element elementor-element-613fb8d9 e-flex e-con-boxed e-con e-parent\" data-id=\"613fb8d9\" data-element_type=\"container\" data-settings=\"{&quot;background_background&quot;:&quot;classic&quot;}\">\n\t\t\t\t\t<div class=\"e-con-inner\">\n\t\t<div class=\"elementor-element elementor-element-133f5027 e-flex e-con-boxed e-con e-child\" data-id=\"133f5027\" data-element_type=\"container\">\n\t\t\t\t\t<div class=\"e-con-inner\">\n\t\t<div class=\"elementor-element elementor-element-4c9ce2d e-flex e-con-boxed e-con e-child\" data-id=\"4c9ce2d\" data-element_type=\"container\">\n\t\t\t\t\t<div class=\"e-con-inner\">\n\t\t\t\t<div class=\"elementor-element elementor-element-9bf8237 elementor-widget elementor-widget-heading\" data-id=\"9bf8237\" data-element_type=\"widget\" data-widget_type=\"heading.default\">\n\t\t\t\t<div class=\"elementor-widget-container\">\n\t\t\t\t\t<h2 class=\"elementor-heading-title elementor-size-default\">Alors, qui sera le plus grand m\u00e9c\u00e8ne de l'\u00e9mission ?<\/h2>\t\t\t\t<\/div>\n\t\t\t\t<\/div>\n\t\t\t\t\t<\/div>\n\t\t\t\t<\/div>\n\t\t\t\t<div class=\"elementor-element elementor-element-42fbafd5 animated-slow elementor-invisible elementor-widget elementor-widget-heading\" data-id=\"42fbafd5\" data-element_type=\"widget\" data-settings=\"{&quot;_animation&quot;:&quot;slideInUp&quot;}\" data-widget_type=\"heading.default\">\n\t\t\t\t<div class=\"elementor-widget-container\">\n\t\t\t\t\t<h2 class=\"elementor-heading-title elementor-size-default\">Le Top des DONATEURS<\/h2>\t\t\t\t<\/div>\n\t\t\t\t<\/div>\n\t\t\t\t<div class=\"elementor-element elementor-element-26fbbcc0 elementor-testimonial--skin-default elementor-testimonial--layout-image_inline elementor-testimonial--align-center elementor-pagination-type-bullets elementor-widget elementor-widget-testimonial-carousel\" data-id=\"26fbbcc0\" data-element_type=\"widget\" data-settings=\"{&quot;pagination&quot;:&quot;bullets&quot;,&quot;speed&quot;:500,&quot;autoplay&quot;:&quot;yes&quot;,&quot;autoplay_speed&quot;:5000,&quot;loop&quot;:&quot;yes&quot;,&quot;pause_on_hover&quot;:&quot;yes&quot;,&quot;space_between&quot;:{&quot;unit&quot;:&quot;px&quot;,&quot;size&quot;:10,&quot;sizes&quot;:[]},&quot;space_between_tablet&quot;:{&quot;unit&quot;:&quot;px&quot;,&quot;size&quot;:10,&quot;sizes&quot;:[]},&quot;space_between_mobile&quot;:{&quot;unit&quot;:&quot;px&quot;,&quot;size&quot;:10,&quot;sizes&quot;:[]}}\" data-widget_type=\"testimonial-carousel.default\">\n\t\t\t\t<div class=\"elementor-widget-container\">\n\t\t\t\t\t\t\t<div class=\"elementor-swiper\">\n\t\t\t<div class=\"elementor-main-swiper swiper\">\n\t\t\t\t<div class=\"swiper-wrapper\">\n\t\t\t\t\t\t\t\t\t\t\t<div class=\"swiper-slide\">\n\t\t\t\t\t\t\t\t\t<div class=\"elementor-testimonial\">\n\t\t\t\t\t\t\t<div class=\"elementor-testimonial__content\">\n\t\t\t\t\t<div class=\"elementor-testimonial__text\">\n\t\t\t\t\t\tPour vous donner envie d'aider notre \u00e9quipe, je lance aussi un classement des meilleurs m\u00e9c\u00e8nes de l'\u00e9mission. Apr\u00e8s chaque \u00e9mission, il sera mis \u00e0 jour.\nLes 10 personnes qui nous auront le plus soutenu verront leur nom ou pseudo \u00e9crits dans ce tableau d'honneur.\n\nPar ailleurs, l'ENSEMBLE des donateurs seront cit\u00e9s lors de l'\u00e9mission suivante, quel que soit le montant de leur don.\t\t\t\t\t<\/div>\n\t\t\t\t\t\t\t\t\t<\/div>\n\t\t\t\t\t\t<div class=\"elementor-testimonial__footer\">\n\t\t\t\t\t\t\t\t\t\t\t<\/div>\n\t\t<\/div>\n\t\t\t\t\t\t\t\t<\/div>\n\t\t\t\t\t\t\t\t\t<\/div>\n\t\t\t\t\t\t\t<\/div>\n\t\t<\/div>\n\t\t\t\t\t\t<\/div>\n\t\t\t\t<\/div>\n\t\t\t\t\t<\/div>\n\t\t\t\t<\/div>\n\t\t\t\t\t<\/div>\n\t\t\t\t<\/div>\n\t\t<div class=\"elementor-element elementor-element-6f9dd8c e-flex e-con-boxed e-con e-parent\" data-id=\"6f9dd8c\" data-element_type=\"container\">\n\t\t\t\t\t<div class=\"e-con-inner\">\n\t\t\t\t\t<\/div>\n\t\t\t\t<\/div>\n\t\t<div class=\"elementor-element elementor-element-62997199 e-flex e-con-boxed e-con e-parent\" data-id=\"62997199\" data-element_type=\"container\" data-settings=\"{&quot;background_background&quot;:&quot;classic&quot;}\">\n\t\t\t\t\t<div class=\"e-con-inner\">\n\t\t\t\t<div class=\"elementor-element elementor-element-1ac76399 elementor-widget elementor-widget-heading\" data-id=\"1ac76399\" data-element_type=\"widget\" data-widget_type=\"heading.default\">\n\t\t\t\t<div class=\"elementor-widget-container\">\n\t\t\t\t\t<h2 class=\"elementor-heading-title elementor-size-default\">Top 10 donateurs<\/h2>\t\t\t\t<\/div>\n\t\t\t\t<\/div>\n\t\t<div class=\"elementor-element elementor-element-2b4193ac e-con-full e-flex e-con e-child\" data-id=\"2b4193ac\" data-element_type=\"container\">\n\t\t<div class=\"elementor-element elementor-element-6917f7f1 e-con-full e-flex e-con e-child\" data-id=\"6917f7f1\" data-element_type=\"container\" data-settings=\"{&quot;background_background&quot;:&quot;classic&quot;}\">\n\t\t\t\t<\/div>\n\t\t<div class=\"elementor-element elementor-element-5d97c393 e-con-full e-flex e-con e-child\" data-id=\"5d97c393\" data-element_type=\"container\" data-settings=\"{&quot;background_background&quot;:&quot;classic&quot;}\">\n\t\t\t\t<\/div>\n\t\t<div class=\"elementor-element elementor-element-808522b e-con-full e-flex e-con e-child\" data-id=\"808522b\" data-element_type=\"container\" data-settings=\"{&quot;background_background&quot;:&quot;classic&quot;}\">\n\t\t\t\t<\/div>\n\t\t<div class=\"elementor-element elementor-element-3c48b40a e-con-full e-flex e-con e-child\" data-id=\"3c48b40a\" data-element_type=\"container\" data-settings=\"{&quot;background_background&quot;:&quot;classic&quot;}\">\n\t\t\t\t<\/div>\n\t\t<div class=\"elementor-element elementor-element-8b8a63f e-con-full e-flex e-con e-child\" data-id=\"8b8a63f\" data-element_type=\"container\" data-settings=\"{&quot;background_background&quot;:&quot;classic&quot;}\">\n\t\t\t\t<\/div>\n\t\t\t\t<\/div>\n\t\t\t\t\t<\/div>\n\t\t\t\t<\/div>\n\t\t\t\t<\/div>\n\t\t","protected":false},"excerpt":{"rendered":"<p>Devenez un M\u00e9c\u00e8ne de l&rsquo;\u00e9mission CARTE BLANCHE Gr\u00e2ce au soutien de nombre d&rsquo;entre vous, lors de la s\u00e9rie de lives \u00ab\u00a0Espoir\u00a0\u00bb r\u00e9alis\u00e9e l&rsquo;an dernier, l&rsquo;\u00e9mission Carte Blanche est apparue sur ma cha\u00eene en 2024.Chaque \u00e9mission Carte Blanche aura un co\u00fbt, qui est pr\u00e9cis\u00e9ment celui de la qualit\u00e9, et des professionnels dont je m&rsquo;entoure pour r\u00e9aliser [&hellip;]<\/p>\n","protected":false},"author":1,"featured_media":0,"parent":0,"menu_order":0,"comment_status":"closed","ping_status":"closed","template":"elementor_header_footer","meta":{"footnotes":""},"class_list":["post-26","page","type-page","status-publish","hentry"],"_links":{"self":[{"href":"https:\/\/danielconversano.fr\/index.php?rest_route=\/wp\/v2\/pages\/26","targetHints":{"allow":["GET"]}}],"collection":[{"href":"https:\/\/danielconversano.fr\/index.php?rest_route=\/wp\/v2\/pages"}],"about":[{"href":"https:\/\/danielconversano.fr\/index.php?rest_route=\/wp\/v2\/types\/page"}],"author":[{"embeddable":true,"href":"https:\/\/danielconversano.fr\/index.php?rest_route=\/wp\/v2\/users\/1"}],"replies":[{"embeddable":true,"href":"https:\/\/danielconversano.fr\/index.php?rest_route=%2Fwp%2Fv2%2Fcomments&post=26"}],"version-history":[{"count":295,"href":"https:\/\/danielconversano.fr\/index.php?rest_route=\/wp\/v2\/pages\/26\/revisions"}],"predecessor-version":[{"id":1326,"href":"https:\/\/danielconversano.fr\/index.php?rest_route=\/wp\/v2\/pages\/26\/revisions\/1326"}],"wp:attachment":[{"href":"https:\/\/danielconversano.fr\/index.php?rest_route=%2Fwp%2Fv2%2Fmedia&parent=26"}],"curies":[{"name":"wp","href":"https:\/\/api.w.org\/{rel}","templated":true}]}}